{"id":20,"date":"2021-05-29T09:56:05","date_gmt":"2021-05-29T09:56:05","guid":{"rendered":"http:\/\/h187166.web212.dogado.net\/?page_id=20"},"modified":"2025-08-27T13:43:37","modified_gmt":"2025-08-27T13:43:37","slug":"service","status":"publish","type":"page","link":"https:\/\/zumpostillion.de\/?page_id=20","title":{"rendered":"SERVICE\/REGIONALES"},"content":{"rendered":"\n<h2 class=\"wp-block-heading\">Regionales in unserem Haus<\/h2>\n\n\n\n<p><strong>Wir haben ein breites Sortiment an K\u00f6stlichkeiten und besonderen Produkten in unserem Haus.<\/strong><\/p>\n\n\n\n<p>Dazu z\u00e4hlen:<\/p>\n\n\n\n<ul class=\"wp-block-list\">\n<li>Eier vom J\u00fcrshof in Soltau<\/li>\n\n\n\n<li>Kartoffeln von Gaby Baden aus Leverdingen<\/li>\n\n\n\n<li>Heidschnucke vom Sch\u00e4ferhof Neuenkirchen<\/li>\n\n\n\n<li>Nordic Schn\u00e4pse aus Jork<\/li>\n\n\n\n<li>Soltauer Salinensalz<\/li>\n\n\n\n<li>besondere Whiskys vom Whisky Shop L\u00fcneburger Heide<\/li>\n\n\n\n<li>Craft-Biere aus Hamburg, M\u00fcnchen, den Niederlanden, USA&#8230;.<\/li>\n\n\n\n<li>UVM&#8230;<\/li>\n<\/ul>\n\n\n\n<p><\/p>\n\n\n\n<h2 class=\"wp-block-heading\">Craft-Beer Geschenkk\u00f6rbe<\/h2>\n\n\n\n<p>Besonderes Bier &#8211; besonders verschenkt<br>Unsere Geschenkk\u00f6rbe enthalten handverlesene Craft-Beer-Spezialit\u00e4ten, sogf\u00e4ltig f\u00fcr Sie zusammengestellt. Jede Auswahl bringt Vielfalt, Kreativit\u00e4t und echten Biergenuss in einem Paket. Ob als Pr\u00e4sent f\u00fcr Freunde, Familie oder Gesch\u00e4ftspartner: Mit unseren K\u00f6rben schenken Sie einzigartige Geschmackserlebnisse und unvergessliche Genussmomente.<\/p>\n\n\n\n<p>Wir bitten um Vorbestellung. Gerne telefonisch unter 05191-98210 oder per Mail unter info@zumpostillion.de .<\/p>\n\n\n\n<figure class=\"wp-block-image size-large is-resized\"><img loading=\"lazy\" decoding=\"async\" width=\"1024\" height=\"768\" src=\"https:\/\/zumpostillion.de\/wp-content\/uploads\/2025\/08\/1000097856-1024x768.jpg\" alt=\"\" class=\"wp-image-453\" style=\"width:425px;height:auto\" srcset=\"https:\/\/zumpostillion.de\/wp-content\/uploads\/2025\/08\/1000097856-1024x768.jpg 1024w, https:\/\/zumpostillion.de\/wp-content\/uploads\/2025\/08\/1000097856-300x225.jpg 300w, https:\/\/zumpostillion.de\/wp-content\/uploads\/2025\/08\/1000097856-768x576.jpg 768w, https:\/\/zumpostillion.de\/wp-content\/uploads\/2025\/08\/1000097856-1536x1152.jpg 1536w, https:\/\/zumpostillion.de\/wp-content\/uploads\/2025\/08\/1000097856-1200x900.jpg 1200w, https:\/\/zumpostillion.de\/wp-content\/uploads\/2025\/08\/1000097856-1980x1485.jpg 1980w, https:\/\/zumpostillion.de\/wp-content\/uploads\/2025\/08\/1000097856.jpg 2048w\" sizes=\"auto, (max-width: 1024px) 100vw, 1024px\" \/><\/figure>\n\n\n\n<p><\/p>\n\n\n\n<h2 class=\"wp-block-heading\"><\/h2>\n\n\n\n<h2 class=\"wp-block-heading\">Heiliger`s DuftMoment<\/h2>\n\n\n\n<p>Sie k\u00f6nnen bei uns auch die Produkte von Heiliger`s DuftMoment zum Auff\u00fcllen abgeben oder neue Produkte bestellen. Sprechen Sie uns gerne an.<\/p>\n\n\n\n<p>Sobald Ihre Produkte zur Abholung bereit sind, melden wir uns bei Ihnen.<\/p>\n\n\n\n<p><a href=\"http:\/\/www.duftmoment.de\" title=\"\">http:\/\/www.duftmoment.de<\/a><\/p>\n\n\n\n<figure class=\"wp-block-image size-full\"><img loading=\"lazy\" decoding=\"async\" width=\"500\" height=\"500\" src=\"https:\/\/zumpostillion.de\/wp-content\/uploads\/2025\/08\/Logo-Herz-und-Flamme-mini.jpg\" alt=\"\" class=\"wp-image-464\" srcset=\"https:\/\/zumpostillion.de\/wp-content\/uploads\/2025\/08\/Logo-Herz-und-Flamme-mini.jpg 500w, https:\/\/zumpostillion.de\/wp-content\/uploads\/2025\/08\/Logo-Herz-und-Flamme-mini-300x300.jpg 300w, https:\/\/zumpostillion.de\/wp-content\/uploads\/2025\/08\/Logo-Herz-und-Flamme-mini-150x150.jpg 150w\" sizes=\"auto, (max-width: 500px) 100vw, 500px\" \/><\/figure>\n","protected":false},"excerpt":{"rendered":"<p>Regionales in unserem Haus Wir haben ein breites Sortiment an K\u00f6stlichkeiten und besonderen Produkten in unserem Haus. Dazu z\u00e4hlen: Craft-Beer Geschenkk\u00f6rbe Besonderes Bier &#8211; besonders verschenktUnsere Geschenkk\u00f6rbe enthalten handverlesene Craft-Beer-Spezialit\u00e4ten, sogf\u00e4ltig f\u00fcr Sie zusammengestellt. Jede Auswahl bringt Vielfalt, Kreativit\u00e4t und echten Biergenuss in einem Paket. Ob als Pr\u00e4sent f\u00fcr Freunde, Familie oder Gesch\u00e4ftspartner: Mit unseren<\/p>\n<footer><a title=\"SERVICE\/REGIONALES\" id=\"read-more\" href=\"https:\/\/zumpostillion.de\/?page_id=20\"><i class=\"icon\"><\/i>Read More<\/a><\/footer>\n","protected":false},"author":1,"featured_media":0,"parent":0,"menu_order":0,"comment_status":"closed","ping_status":"closed","template":"","meta":{"footnotes":""},"class_list":["post-20","page","type-page","status-publish","hentry"],"aioseo_notices":[],"_links":{"self":[{"href":"https:\/\/zumpostillion.de\/index.php?rest_route=\/wp\/v2\/pages\/20","targetHints":{"allow":["GET"]}}],"collection":[{"href":"https:\/\/zumpostillion.de\/index.php?rest_route=\/wp\/v2\/pages"}],"about":[{"href":"https:\/\/zumpostillion.de\/index.php?rest_route=\/wp\/v2\/types\/page"}],"author":[{"embeddable":true,"href":"https:\/\/zumpostillion.de\/index.php?rest_route=\/wp\/v2\/users\/1"}],"replies":[{"embeddable":true,"href":"https:\/\/zumpostillion.de\/index.php?rest_route=%2Fwp%2Fv2%2Fcomments&post=20"}],"version-history":[{"count":18,"href":"https:\/\/zumpostillion.de\/index.php?rest_route=\/wp\/v2\/pages\/20\/revisions"}],"predecessor-version":[{"id":470,"href":"https:\/\/zumpostillion.de\/index.php?rest_route=\/wp\/v2\/pages\/20\/revisions\/470"}],"wp:attachment":[{"href":"https:\/\/zumpostillion.de\/index.php?rest_route=%2Fwp%2Fv2%2Fmedia&parent=20"}],"curies":[{"name":"wp","href":"https:\/\/api.w.org\/{rel}","templated":true}]}}